{"id":3894,"date":"2024-02-15T20:04:10","date_gmt":"2024-02-15T20:04:10","guid":{"rendered":"http:\/\/dev.air-ductcleaning.ca\/?page_id=3894"},"modified":"2024-03-13T18:56:28","modified_gmt":"2024-03-13T18:56:28","slug":"procedure-equipment","status":"publish","type":"page","link":"https:\/\/air-ductcleaning.ca\/fr\/procedure-equipment\/","title":{"rendered":"Proc\u00e9dure et \u00e9quipement"},"content":{"rendered":"<p><section data-bb-version=\"4.8.7\" id=\"bt_bb_section69d424f585b9e\" class=\"bt_bb_section bt_bb_layout_boxed_1200 bt_bb_vertical_align_top bt_bb_background_overlay_cross_top bt_bb_top_spacing_large bt_bb_bottom_spacing_medium bt_bb_background_overlay_cross_top\"  data-bt-override-class=\"{&quot;bt_bb_top_spacing_&quot;:{&quot;current_class&quot;:&quot;bt_bb_top_spacing_large&quot;,&quot;xxl&quot;:&quot;large&quot;},&quot;bt_bb_bottom_spacing_&quot;:{&quot;current_class&quot;:&quot;bt_bb_bottom_spacing_medium&quot;,&quot;xxl&quot;:&quot;medium&quot;}}\"><div class=\"bt_bb_background_image_holder_wrapper\"><div class=\"bt_bb_background_image_holder btLazyLoadBackground bt_bb_parallax\"  data-background_image_src=\"https:\/\/air-ductcleaning.ca\/wp-content\/uploads\/2024\/02\/tools.jpg\" data-parallax=\"0.7\" data-parallax-offset=\"0\" data-parallax-zoom-start=\"1\" data-parallax-zoom-end=\"1\" data-parallax-blur-start=\"0\" data-parallax-blur-end=\"0\" data-parallax-opacity-start=\"1\" data-parallax-opacity-end=\"1\" style=\" background-image: url(&#039;https:\/\/air-ductcleaning.ca\/wp-content\/plugins\/bold-page-builder\/img\/blank.gif&#039;);\"><\/div><\/div><div class=\"bt_bb_port\"><div class=\"bt_bb_cell\"><div class=\"bt_bb_cell_inner\"><div class=\"bt_bb_row\"  data-bt-override-class=\"{}\"><div class=\"bt_bb_row_holder\" ><div  class=\"bt_bb_column col-xxl-12 col-xl-12 bt_bb_vertical_align_top bt_bb_align_left bt_bb_padding_normal bt_bb_hidden_xs bt_bb_hidden_ms bt_bb_hidden_sm\" style=\"; --column-width:12;\" data-width=\"12\" data-bt-override-class=\"{}\"><div class=\"bt_bb_column_content\"><div class=\"bt_bb_column_content_inner\"><div class=\"bt_bb_separator_v2 bt_bb_border_style_none bt_bb_top_spacing_normal bt_bb_bottom_spacing_medium bt_bb_icon_size_normal bt_bb_text_size_normal bt_bb_separator_v2_without_content\" data-bt-override-class=\"null\"><div class=\"bt_bb_separator_v2_inner\"><span class=\"bt_bb_separator_v2_inner_before\"><\/span><span class=\"bt_bb_separator_v2_inner_content\"><span  data-ico-=\"\" class=\"bt_bb_icon_holder\"><\/span><\/span><span class=\"bt_bb_separator_v2_inner_after\"><\/span><\/div><\/div><\/div><\/div><\/div><\/div><\/div><div class=\"bt_bb_row\"  data-bt-override-class=\"{}\"><div class=\"bt_bb_row_holder\" ><div  class=\"bt_bb_column col-xxl-8 col-xl-8 bt_bb_vertical_align_top bt_bb_align_left bt_bb_padding_normal bt_bb_animation_fade_in animate\" style=\"; --column-width:8;\" data-width=\"8\" data-bt-override-class=\"{}\"><div class=\"bt_bb_column_content\"><div class=\"bt_bb_column_content_inner\"><header data-bb-version=\"4.8.4\" class=\"bt_bb_headline bt_bb_subheadline_font_weight_normal bt_bb_dash_none bt_bb_superheadline bt_bb_size_normal bt_bb_align_inherit\" data-bt-override-class=\"{&quot;bt_bb_size_&quot;:{&quot;current_class&quot;:&quot;bt_bb_size_normal&quot;,&quot;xxl&quot;:&quot;normal&quot;},&quot;bt_bb_align_&quot;:{&quot;current_class&quot;:&quot;bt_bb_align_inherit&quot;,&quot;xxl&quot;:&quot;inherit&quot;}}\"><h3><span class=\"bt_bb_headline_superheadline\">NOS SERVICES<\/span><span class=\"bt_bb_headline_content\"><span >Vous aurez toujours \u00e0 faire avec un professionnel<\/span><\/span><\/h3><\/header><div data-bb-version=\"4.8.4\" class=\"bt_bb_separator_v2 bt_bb_border_style_none bt_bb_top_spacing_small bt_bb_bottom_spacing_none bt_bb_border_thickness_1 bt_bb_icon_size_normal bt_bb_text_size_normal bt_bb_separator_v2_without_content\" data-bt-override-class=\"{&quot;bt_bb_top_spacing_&quot;:{&quot;current_class&quot;:&quot;bt_bb_top_spacing_small&quot;,&quot;xxl&quot;:&quot;small&quot;},&quot;bt_bb_bottom_spacing_&quot;:{&quot;current_class&quot;:&quot;bt_bb_bottom_spacing_none&quot;,&quot;xxl&quot;:&quot;none&quot;},&quot;bt_bb_border_thickness_&quot;:{&quot;current_class&quot;:&quot;bt_bb_border_thickness_1&quot;,&quot;xxl&quot;:&quot;1&quot;},&quot;bt_bb_icon_size_&quot;:{&quot;current_class&quot;:&quot;bt_bb_icon_size_normal&quot;,&quot;xxl&quot;:&quot;normal&quot;},&quot;bt_bb_text_size_&quot;:{&quot;current_class&quot;:&quot;bt_bb_text_size_normal&quot;,&quot;xxl&quot;:&quot;normal&quot;}}\"><div class=\"bt_bb_separator_v2_inner\"><span class=\"bt_bb_separator_v2_inner_before\"><\/span><span class=\"bt_bb_separator_v2_inner_content\"><span  data-ico-=\"\" class=\"bt_bb_icon_holder\"><\/span><\/span><span class=\"bt_bb_separator_v2_inner_after\"><\/span><\/div><\/div><div data-bb-version=\"4.8.4\"  class=\"bt_bb_text\" ><\/p>\n<h6>Nos 10 \u00e9tapes pour le nettoyage de conduits d\u2019air.<\/h6>\n<ol start=\"1\">\n<li>Avec vous , nous allons commencer par localiser toutes les ouvertures de chaleur de votre maison.<\/li>\n<li>Nous vous demandons d\u2019activer votre appareil de chauffage ; seulement pour \u00eatre certain que \u00e7a marche.<\/li>\n<li>Nous inspectons visuellement votre fournaise et vous donner un aper\u00e7u de son \u00e9tat (Notez que le nettoyage du four est non compris conduit trousse de nettoyage).<\/li>\n<li>Nous inspecterons visuellement votre fournaise et vous donnerons un aper\u00e7u de son \u00e9tat (Veuillez noter que le nettoyage de la fournaise n&#039;inclut pas le forfait de nettoyage des conduits).<\/li>\n<li>Nous enlevons toutes les couvertures de l\u2019air chaud et les retours pour les inspecter avec un syst\u00e8me de cam\u00e9ra. Cela nous donnera une id\u00e9e claire exactement dans quel \u00e9tat ils sont ainsi que la conception de vos conduits.<\/li>\n<li>Ensuite, nous commencerons le nettoyage ; le d\u00e9poussi\u00e9reur et le compresseur seront activ\u00e9s en m\u00eame temps. Nous allons commencer \u00e0 nettoyer toutes les bouches de chaleur ainsi que les bouches de retour avec <strong>250 lb\/po2 de pression de l\u2019air et 20000 cfm de succion<\/strong>\u00a0fournie par le grand aspirateur dans le camion connect\u00e9e dans le conduit d\u2019alimentation principale.<\/li>\n<li>Une fois ces op\u00e9rations termin\u00e9es, nous fixerons \u00e0 nouveau notre d\u00e9poussi\u00e9reur haute puissance \u00e0 la conduite principale et commencerons \u00e0 nettoyer les retours ainsi que la conduite principale de chauffage.<\/li>\n<li>Enfin, nous enlevons tous les \u00e9quipements et percevoir le paiement.<\/li>\n<li>Une fois que nous sommes convaincus que tous les conduits ont \u00e9t\u00e9 nettoy\u00e9s correctement, nous ne les d\u00e9sinfectera soigneusement.<\/li>\n<li>Enfin, nous retirerons toutes les toiles de protection et l&#039;\u00e9quipement et collecterons le paiement.<\/li>\n<\/ol>\n<p>\n<\/div><div data-bb-version=\"4.8.4\"  class=\"bt_bb_text\" ><\/p>\n<h6>Autres outils et produits<\/h6>\n<p>En plus de l&#039;aspirateur, du compresseur et de la cam\u00e9ra, nous utilisons plusieurs outils plus petits pour effectuer le travail, tels que des brosses, des boules de saut, des fouets, etc. Puisque chaque maison est diff\u00e9rente, nous ne pouvons pas pr\u00e9dire quels outils nous utiliserons. utilisez \u00e0 l&#039;avance, mais vous pouvez \u00eatre s\u00fbr que nous aurons toujours les bons outils et produits pour le travail.<\/p>\n<p>Benefect\u00ae en est un exemple, une solution d\u00e9sinfectante s\u00fbre et efficace que nous utilisons dans tous nos travaux de nettoyage. Fabriqu\u00e9 \u00e0 partir d&#039;un m\u00e9lange d&#039;extraits de plantes, c&#039;est le seul d\u00e9sinfectant enti\u00e8rement botanique sur le march\u00e9 et il est totalement sans danger pour les enfants et les animaux domestiques.<\/p>\n<p>\n<\/div><\/div><\/div><\/div><div  class=\"bt_bb_column col-xxl-4 col-xl-4 bt_bb_vertical_align_top bt_bb_align_left bt_bb_padding_normal\" style=\"; --column-width:4;\" data-width=\"4\" data-bt-override-class=\"{}\"><div class=\"bt_bb_column_content\"><div class=\"bt_bb_column_content_inner\"><\/div><\/div><\/div><\/div><\/div><\/div><!-- cell_inner --><\/div><!-- cell --><\/div><!-- port --><\/section><section data-bb-version=\"4.8.3\" id=\"bt_bb_section69d424f5861bb\" class=\"bt_bb_section bt_bb_color_scheme_1 bt_bb_layout_wide bt_bb_vertical_align_top bt_bb_top_spacing_none bt_bb_bottom_spacing_none btBoxedLeft1200\" style=\"; --section-primary-color:#ffffff; --section-secondary-color:#252525;\" data-bt-override-class=\"{&quot;bt_bb_top_spacing_&quot;:{&quot;current_class&quot;:&quot;bt_bb_top_spacing_none&quot;,&quot;xxl&quot;:&quot;none&quot;},&quot;bt_bb_bottom_spacing_&quot;:{&quot;current_class&quot;:&quot;bt_bb_bottom_spacing_none&quot;,&quot;xxl&quot;:&quot;none&quot;}}\"><div class=\"bt_bb_background_image_holder_wrapper\"><div class=\"bt_bb_background_image_holder btLazyLoadBackground bt_bb_parallax\"  data-background_image_src=\"https:\/\/air-ductcleaning.ca\/wp-content\/uploads\/2024\/02\/callcenter-2.jpg\" data-parallax=\"0.7\" data-parallax-offset=\"0\" data-parallax-zoom-start=\"1\" data-parallax-zoom-end=\"1\" data-parallax-blur-start=\"0\" data-parallax-blur-end=\"0\" data-parallax-opacity-start=\"1\" data-parallax-opacity-end=\"1\" style=\" background-image: url(&#039;https:\/\/air-ductcleaning.ca\/wp-content\/plugins\/bold-page-builder\/img\/blank.gif&#039;);\"><\/div><\/div><div class=\"bt_bb_port\"><div class=\"bt_bb_cell\"><div class=\"bt_bb_cell_inner\"><div class=\"bt_bb_row  bt_bb_column_gap_0\" style=\"; --column-gap:0px;\" data-bt-override-class=\"{}\"><div class=\"bt_bb_row_holder\" ><div  class=\"bt_bb_column col-xxl-6 col-xl-6 bt_bb_vertical_align_top bt_bb_align_left bt_bb_padding_20 bt_bb_animation_fade_in animate\" style=\"; --column-width:6;\" data-width=\"6\" data-bt-override-class=\"{}\"><div class=\"bt_bb_column_content\"><div class=\"bt_bb_column_content_inner\"><div class=\"bt_bb_separator_v2 bt_bb_border_style_none bt_bb_top_spacing_normal bt_bb_bottom_spacing_medium bt_bb_icon_size_normal bt_bb_text_size_normal bt_bb_separator_v2_without_content\" data-bt-override-class=\"null\"><div class=\"bt_bb_separator_v2_inner\"><span class=\"bt_bb_separator_v2_inner_before\"><\/span><span class=\"bt_bb_separator_v2_inner_content\"><span  data-ico-=\"\" class=\"bt_bb_icon_holder\"><\/span><\/span><span class=\"bt_bb_separator_v2_inner_after\"><\/span><\/div><\/div><header data-bb-version=\"4.8.3\" class=\"bt_bb_headline bt_bb_subheadline_font_weight_normal bt_bb_dash_none bt_bb_subheadline bt_bb_size_large bt_bb_align_inherit\" data-bt-override-class=\"{&quot;bt_bb_size_&quot;:{&quot;current_class&quot;:&quot;bt_bb_size_large&quot;,&quot;xxl&quot;:&quot;large&quot;},&quot;bt_bb_align_&quot;:{&quot;current_class&quot;:&quot;bt_bb_align_inherit&quot;,&quot;xxl&quot;:&quot;inherit&quot;}}\"><div class=\"bt_bb_headline_subheadline\">N&#039;h\u00e9sitez pas \u00e0 nous contacter si vous avez des questions.<br \/><br \/>\nNos repr\u00e9sentants se feront un plaisir de vous aider.<\/div><\/header><div class=\"bt_bb_separator_v2 bt_bb_border_style_none bt_bb_bottom_spacing_medium bt_bb_icon_size_normal bt_bb_text_size_normal bt_bb_separator_v2_without_content\" data-bt-override-class=\"null\"><div class=\"bt_bb_separator_v2_inner\"><span class=\"bt_bb_separator_v2_inner_before\"><\/span><span class=\"bt_bb_separator_v2_inner_content\"><span  data-ico-=\"\" class=\"bt_bb_icon_holder\"><\/span><\/span><span class=\"bt_bb_separator_v2_inner_after\"><\/span><\/div><\/div><div class=\"bt_bb_row_inner\"   data-bt-override-class=\"{}\"><div class=\"bt_bb_row_inner_holder\"  ><div  class=\"bt_bb_column_inner col-xxl-6 col-xl-6 bt_bb_vertical_align_top bt_bb_align_left bt_bb_padding_normal\"  data-width=\"6\" data-bt-override-class=\"{}\"><div class=\"bt_bb_column_inner_content\"><div data-bb-version=\"4.8.3\" class=\"bt_bb_service bt_bb_color_scheme_4 bt_bb_style_borderless bt_bb_size_normal bt_bb_shape_circle bt_bb_align_left bt_bb_title_size_default bt_bb_title_weight_bold\" style=\"; --service-primary-color:#00befa; --service-secondary-color:#ffffff;\" data-bt-override-class=\"{&quot;bt_bb_size_&quot;:{&quot;current_class&quot;:&quot;bt_bb_size_normal&quot;,&quot;xxl&quot;:&quot;normal&quot;},&quot;bt_bb_align_&quot;:{&quot;current_class&quot;:&quot;bt_bb_align_left&quot;,&quot;xxl&quot;:&quot;left&quot;}}\"><span  data-ico-essential=\"&#xe930;\" class=\"bt_bb_icon_holder\"><\/span><div class=\"bt_bb_service_content\"><div class=\"bt_bb_service_content_title\">HEURES D&#039;OUVERTURE<\/div><div class=\"bt_bb_service_content_text\">Du lundi au samedi de 7h00 \u00e0 20h00<br \/><br \/>\n<em>Dimanche FERM\u00c9<\/em><\/div><\/div><\/div><div class=\"bt_bb_separator_v2 bt_bb_border_style_none bt_bb_bottom_spacing_normal bt_bb_icon_size_normal bt_bb_text_size_normal bt_bb_separator_v2_without_content\" data-bt-override-class=\"null\"><div class=\"bt_bb_separator_v2_inner\"><span class=\"bt_bb_separator_v2_inner_before\"><\/span><span class=\"bt_bb_separator_v2_inner_content\"><span  data-ico-=\"\" class=\"bt_bb_icon_holder\"><\/span><\/span><span class=\"bt_bb_separator_v2_inner_after\"><\/span><\/div><\/div><\/div><\/div><div  class=\"bt_bb_column_inner col-xxl-6 col-xl-6 bt_bb_vertical_align_top bt_bb_align_left bt_bb_padding_normal\"  data-width=\"6\" data-bt-override-class=\"{}\"><div class=\"bt_bb_column_inner_content\"><div data-bb-version=\"4.8.4\" class=\"bt_bb_service bt_bb_color_scheme_4 bt_bb_style_borderless bt_bb_size_normal bt_bb_shape_circle bt_bb_align_left bt_bb_title_size_default bt_bb_title_weight_bold\" style=\"; --service-primary-color:#00befa; --service-secondary-color:#ffffff;\" data-bt-override-class=\"{&quot;bt_bb_size_&quot;:{&quot;current_class&quot;:&quot;bt_bb_size_normal&quot;,&quot;xxl&quot;:&quot;normal&quot;},&quot;bt_bb_align_&quot;:{&quot;current_class&quot;:&quot;bt_bb_align_left&quot;,&quot;xxl&quot;:&quot;left&quot;}}\"><span  data-ico-essential=\"&#xe9f0;\" class=\"bt_bb_icon_holder\"><\/span><div class=\"bt_bb_service_content\"><div class=\"bt_bb_service_content_title\">EMPLACEMENT<\/div><div class=\"bt_bb_service_content_text\">240, rue Authier, Saint-Laurent,<br \/><br \/>\nQu\u00e9bec H4M 2C6<\/div><\/div><\/div><div class=\"bt_bb_separator_v2 bt_bb_border_style_none bt_bb_bottom_spacing_normal bt_bb_icon_size_normal bt_bb_text_size_normal bt_bb_separator_v2_without_content\" data-bt-override-class=\"null\"><div class=\"bt_bb_separator_v2_inner\"><span class=\"bt_bb_separator_v2_inner_before\"><\/span><span class=\"bt_bb_separator_v2_inner_content\"><span  data-ico-=\"\" class=\"bt_bb_icon_holder\"><\/span><\/span><span class=\"bt_bb_separator_v2_inner_after\"><\/span><\/div><\/div><\/div><\/div><\/div><\/div><div class=\"bt_bb_row_inner\"   data-bt-override-class=\"{}\"><div class=\"bt_bb_row_inner_holder\"  ><div  class=\"bt_bb_column_inner col-xxl-6 col-xl-6 bt_bb_vertical_align_top bt_bb_align_left bt_bb_padding_normal\"  data-width=\"6\" data-bt-override-class=\"{}\"><div class=\"bt_bb_column_inner_content\"><div data-bb-version=\"4.8.3\" class=\"bt_bb_service bt_bb_color_scheme_4 bt_bb_style_borderless bt_bb_size_normal bt_bb_shape_circle bt_bb_align_left bt_bb_title_size_default bt_bb_title_weight_bold\" style=\"; --service-primary-color:#00befa; --service-secondary-color:#ffffff;\" data-bt-override-class=\"{&quot;bt_bb_size_&quot;:{&quot;current_class&quot;:&quot;bt_bb_size_normal&quot;,&quot;xxl&quot;:&quot;normal&quot;},&quot;bt_bb_align_&quot;:{&quot;current_class&quot;:&quot;bt_bb_align_left&quot;,&quot;xxl&quot;:&quot;left&quot;}}\"><span  data-ico-essential=\"&#xea28;\" class=\"bt_bb_icon_holder\"><\/span><div class=\"bt_bb_service_content\"><div class=\"bt_bb_service_content_title\">CENTRE D&#039;APPEL<\/div><div class=\"bt_bb_service_content_text\">514 439-3393<\/div><\/div><\/div><div class=\"bt_bb_separator_v2 bt_bb_border_style_none bt_bb_bottom_spacing_normal bt_bb_icon_size_normal bt_bb_text_size_normal bt_bb_separator_v2_without_content\" data-bt-override-class=\"null\"><div class=\"bt_bb_separator_v2_inner\"><span class=\"bt_bb_separator_v2_inner_before\"><\/span><span class=\"bt_bb_separator_v2_inner_content\"><span  data-ico-=\"\" class=\"bt_bb_icon_holder\"><\/span><\/span><span class=\"bt_bb_separator_v2_inner_after\"><\/span><\/div><\/div><\/div><\/div><div  class=\"bt_bb_column_inner col-xxl-6 col-xl-6 bt_bb_vertical_align_top bt_bb_align_left bt_bb_padding_normal\"  data-width=\"6\" data-bt-override-class=\"{}\"><div class=\"bt_bb_column_inner_content\"><div data-bb-version=\"4.8.3\" class=\"bt_bb_service bt_bb_color_scheme_4 bt_bb_style_borderless bt_bb_size_normal bt_bb_shape_circle bt_bb_align_left bt_bb_title_size_default bt_bb_title_weight_bold btNoText\" style=\"; --service-primary-color:#00befa; --service-secondary-color:#ffffff;\" data-bt-override-class=\"{&quot;bt_bb_size_&quot;:{&quot;current_class&quot;:&quot;bt_bb_size_normal&quot;,&quot;xxl&quot;:&quot;normal&quot;},&quot;bt_bb_align_&quot;:{&quot;current_class&quot;:&quot;bt_bb_align_left&quot;,&quot;xxl&quot;:&quot;left&quot;}}\"><span  data-ico-essential=\"&#xe9e3;\" class=\"bt_bb_icon_holder\"><\/span><div class=\"bt_bb_service_content\"><div class=\"bt_bb_service_content_title\">\u00c9CRIVEZ-NOUS<\/div><\/div><\/div><div class=\"bt_bb_separator_v2 bt_bb_border_style_none bt_bb_bottom_spacing_normal bt_bb_icon_size_normal bt_bb_text_size_normal bt_bb_separator_v2_without_content\" data-bt-override-class=\"null\"><div class=\"bt_bb_separator_v2_inner\"><span class=\"bt_bb_separator_v2_inner_before\"><\/span><span class=\"bt_bb_separator_v2_inner_content\"><span  data-ico-=\"\" class=\"bt_bb_icon_holder\"><\/span><\/span><span class=\"bt_bb_separator_v2_inner_after\"><\/span><\/div><\/div><\/div><\/div><\/div><\/div><\/div><\/div><\/div><div data-bb-version=\"4.8.4\"  class=\"bt_bb_column col-xxl-6 col-xl-6 bt_bb_vertical_align_top bt_bb_align_left bt_bb_padding_normal\" style=\"google-maps; --column-width:6;\" data-width=\"6\" data-bt-override-class=\"{&quot;bt_bb_align_&quot;:{&quot;current_class&quot;:&quot;bt_bb_align_left&quot;,&quot;xxl&quot;:&quot;left&quot;},&quot;bt_bb_padding_&quot;:{&quot;current_class&quot;:&quot;bt_bb_padding_normal&quot;,&quot;xxl&quot;:&quot;normal&quot;}}\"><div class=\"bt_bb_column_content\"><div class=\"bt_bb_column_content_inner\"><div class=\"bt_bb_raw_content\"><iframe src=\"https:\/\/www.google.com\/maps\/embed?pb=!1m18!1m12!1m3!1d2796.5540687893167!2d-73.6801994234523!3d45.4989239311208!2m3!1f0!2f0!3f0!3m2!1i1024!2i768!4f13.1!3m3!1m2!1s0x4cc91825c8258571%3A0x968f7ab283ff1d10!2s240%20Authier%20St%2C%20Saint-Laurent%2C%20QC%20H4M%202C6!5e0!3m2!1sen!2sca!4v1708100898413!5m2!1sen!2sca\" width=\"100%\" height=\"510px\" style=\"border:0;\" allowfullscreen=\"\" loading=\"lazy\" referrerpolicy=\"no-referrer-when-downgrade\"><\/iframe><\/div><\/div><\/div><\/div><\/div><\/div><\/div><!-- cell_inner --><\/div><!-- cell --><\/div><!-- port --><\/section><\/p>","protected":false},"excerpt":{"rendered":"","protected":false},"author":1,"featured_media":0,"parent":0,"menu_order":0,"comment_status":"closed","ping_status":"closed","template":"","meta":{"footnotes":""},"class_list":["post-3894","page","type-page","status-publish","hentry"],"_links":{"self":[{"href":"https:\/\/air-ductcleaning.ca\/fr\/wp-json\/wp\/v2\/pages\/3894","targetHints":{"allow":["GET"]}}],"collection":[{"href":"https:\/\/air-ductcleaning.ca\/fr\/wp-json\/wp\/v2\/pages"}],"about":[{"href":"https:\/\/air-ductcleaning.ca\/fr\/wp-json\/wp\/v2\/types\/page"}],"author":[{"embeddable":true,"href":"https:\/\/air-ductcleaning.ca\/fr\/wp-json\/wp\/v2\/users\/1"}],"replies":[{"embeddable":true,"href":"https:\/\/air-ductcleaning.ca\/fr\/wp-json\/wp\/v2\/comments?post=3894"}],"version-history":[{"count":21,"href":"https:\/\/air-ductcleaning.ca\/fr\/wp-json\/wp\/v2\/pages\/3894\/revisions"}],"predecessor-version":[{"id":4298,"href":"https:\/\/air-ductcleaning.ca\/fr\/wp-json\/wp\/v2\/pages\/3894\/revisions\/4298"}],"wp:attachment":[{"href":"https:\/\/air-ductcleaning.ca\/fr\/wp-json\/wp\/v2\/media?parent=3894"}],"curies":[{"name":"wp","href":"https:\/\/api.w.org\/{rel}","templated":true}]}}