{"id":2292,"date":"2018-10-12T10:38:01","date_gmt":"2018-10-12T10:38:01","guid":{"rendered":"http:\/\/aircon.bold-themes.com\/main-demo\/?page_id=2292"},"modified":"2024-03-13T19:07:28","modified_gmt":"2024-03-13T19:07:28","slug":"faq","status":"publish","type":"page","link":"https:\/\/air-ductcleaning.ca\/fr\/faq\/","title":{"rendered":"FAQ"},"content":{"rendered":"<p><section data-bb-version=\"4.8.4\" id=\"bt_bb_section69d40def2f480\" class=\"bt_bb_section bt_bb_layout_boxed_1200 bt_bb_vertical_align_top bt_bb_background_overlay_cross_top bt_bb_top_spacing_large bt_bb_bottom_spacing_large bt_bb_background_overlay_cross_top\"  data-bt-override-class=\"{&quot;bt_bb_top_spacing_&quot;:{&quot;current_class&quot;:&quot;bt_bb_top_spacing_large&quot;,&quot;xxl&quot;:&quot;large&quot;},&quot;bt_bb_bottom_spacing_&quot;:{&quot;current_class&quot;:&quot;bt_bb_bottom_spacing_large&quot;,&quot;xxl&quot;:&quot;large&quot;}}\"><div class=\"bt_bb_background_image_holder_wrapper\"><div class=\"bt_bb_background_image_holder btLazyLoadBackground bt_bb_parallax\"  data-background_image_src=\"https:\/\/air-ductcleaning.ca\/wp-content\/uploads\/2024\/02\/FAQ.jpg\" data-parallax=\"0.7\" data-parallax-offset=\"0\" data-parallax-zoom-start=\"1\" data-parallax-zoom-end=\"1\" data-parallax-blur-start=\"0\" data-parallax-blur-end=\"0\" data-parallax-opacity-start=\"1\" data-parallax-opacity-end=\"1\" style=\" background-image: url(&#039;https:\/\/air-ductcleaning.ca\/wp-content\/plugins\/bold-page-builder\/img\/blank.gif&#039;);\"><\/div><\/div><div class=\"bt_bb_port\"><div class=\"bt_bb_cell\"><div class=\"bt_bb_cell_inner\"><div class=\"bt_bb_row\"  data-bt-override-class=\"{}\"><div class=\"bt_bb_row_holder\" ><div  class=\"bt_bb_column col-xxl-6 col-xl-6 bt_bb_vertical_align_top bt_bb_align_left bt_bb_padding_normal\" style=\"; --column-width:6;\" data-width=\"6\" data-bt-override-class=\"{}\"><div class=\"bt_bb_column_content\"><div class=\"bt_bb_column_content_inner\"><\/div><\/div><\/div><div  class=\"bt_bb_column col-xxl-6 col-xl-6 bt_bb_vertical_align_top bt_bb_align_left bt_bb_padding_normal bt_bb_animation_fade_in animate\" style=\"; --column-width:6;\" data-width=\"6\" data-bt-override-class=\"{}\"><div class=\"bt_bb_column_content\"><div class=\"bt_bb_column_content_inner\"><div data-bb-version=\"4.8.4\" class=\"bt_bb_separator_v2 bt_bb_border_style_none bt_bb_top_spacing_normal bt_bb_bottom_spacing_medium bt_bb_border_thickness_1 bt_bb_icon_size_normal bt_bb_text_size_normal bt_bb_separator_v2_without_content\" data-bt-override-class=\"{&quot;bt_bb_top_spacing_&quot;:{&quot;current_class&quot;:&quot;bt_bb_top_spacing_normal&quot;,&quot;xxl&quot;:&quot;normal&quot;},&quot;bt_bb_bottom_spacing_&quot;:{&quot;current_class&quot;:&quot;bt_bb_bottom_spacing_medium&quot;,&quot;xxl&quot;:&quot;medium&quot;},&quot;bt_bb_border_thickness_&quot;:{&quot;current_class&quot;:&quot;bt_bb_border_thickness_1&quot;,&quot;xxl&quot;:&quot;1&quot;},&quot;bt_bb_icon_size_&quot;:{&quot;current_class&quot;:&quot;bt_bb_icon_size_normal&quot;,&quot;xxl&quot;:&quot;normal&quot;},&quot;bt_bb_text_size_&quot;:{&quot;current_class&quot;:&quot;bt_bb_text_size_normal&quot;,&quot;xxl&quot;:&quot;normal&quot;}}\"><div class=\"bt_bb_separator_v2_inner\"><span class=\"bt_bb_separator_v2_inner_before\"><\/span><span class=\"bt_bb_separator_v2_inner_content\"><span  data-ico-=\"\" class=\"bt_bb_icon_holder\"><\/span><\/span><span class=\"bt_bb_separator_v2_inner_after\"><\/span><\/div><\/div><header data-bb-version=\"4.8.4\" class=\"bt_bb_headline bt_bb_subheadline_font_weight_normal bt_bb_dash_none bt_bb_superheadline bt_bb_subheadline bt_bb_size_large bt_bb_align_inherit\" data-bt-override-class=\"{&quot;bt_bb_size_&quot;:{&quot;current_class&quot;:&quot;bt_bb_size_large&quot;,&quot;xxl&quot;:&quot;large&quot;},&quot;bt_bb_align_&quot;:{&quot;current_class&quot;:&quot;bt_bb_align_inherit&quot;,&quot;xxl&quot;:&quot;inherit&quot;}}\"><h3><span class=\"bt_bb_headline_superheadline\">FAQ<\/span><span class=\"bt_bb_headline_content\"><span ><b>Nous avons les r\u00e9ponses<\/b><br \/><br \/>\n<\/span><\/span><\/h3><div class=\"bt_bb_headline_subheadline\">Nous envisageons l\u2019avenir avec confiance.<\/div><\/header><div class=\"bt_bb_separator_v2 bt_bb_border_style_none bt_bb_bottom_spacing_medium bt_bb_icon_size_normal bt_bb_text_size_normal bt_bb_separator_v2_without_content\" data-bt-override-class=\"null\"><div class=\"bt_bb_separator_v2_inner\"><span class=\"bt_bb_separator_v2_inner_before\"><\/span><span class=\"bt_bb_separator_v2_inner_content\"><span  data-ico-=\"\" class=\"bt_bb_icon_holder\"><\/span><\/span><span class=\"bt_bb_separator_v2_inner_after\"><\/span><\/div><\/div><div class=\"bt_bb_accordion bt_bb_style_filled bt_bb_shape_square\" data-closed=\"closed\"><div class=\"bt_bb_accordion_item\"><div class=\"bt_bb_accordion_item_number\">1<\/div><div class=\"bt_bb_accordion_item_title\">\u00c0 quelle fr\u00e9quence dois-je faire nettoyer mon syst\u00e8me de ventilation ?<\/div><div class=\"bt_bb_accordion_item_content\"><div  class=\"bt_bb_text\" >\n<p><strong>Air M\u00e9tropolitain 2000<\/strong> recommande un nettoyage tous les 2-3 ans. Cela peut \u00eatre fait plus souvent s&#039;il y a des personnes souffrant d&#039;allergies ou d&#039;asthme, ou si vous avez des animaux domestiques ou des fumeurs \u00e0 la maison.<\/p>\n<\/div>\n<\/div><\/div><div class=\"bt_bb_accordion_item\"><div class=\"bt_bb_accordion_item_number\">2<\/div><div class=\"bt_bb_accordion_item_title\">Comment savoir si mon syst\u00e8me de ventilation a besoin d\u2019\u00eatre nettoy\u00e9 ?<\/div><div class=\"bt_bb_accordion_item_content\"><div  class=\"bt_bb_text\" >\n<p>Il existe de nombreuses fa\u00e7ons de savoir si votre syst\u00e8me doit \u00eatre nettoy\u00e9. Les plus courants sont :<\/p>\n<ul>\n<li>Poussi\u00e8re excessive<\/li>\n<li>Odeur persistante et persistante<\/li>\n<li>Vous avez r\u00e9cemment r\u00e9nov\u00e9<\/li>\n<li>Augmentation des allergies<\/li>\n<li>Maux de t\u00eate, naus\u00e9es ou sensation de \u00ab mal-\u00eatre \u00bb<\/li>\n<\/ul>\n<\/div>\n<\/div><\/div><div class=\"bt_bb_accordion_item\"><div class=\"bt_bb_accordion_item_number\">3<\/div><div class=\"bt_bb_accordion_item_title\">Comment puis-je savoir si l&#039;\u00e9vent de ma s\u00e9cheuse doit \u00eatre nettoy\u00e9\u00a0?<\/div><div class=\"bt_bb_accordion_item_content\"><div  class=\"bt_bb_text\" >\n<p>G\u00e9n\u00e9ralement, un nettoyage annuel est recommand\u00e9, cependant, lorsque votre s\u00e9cheuse commence \u00e0 fonctionner moins efficacement, il faudra probablement nettoyer l&#039;\u00e9vent. Les signes indiquant que votre s\u00e9cheuse devient moins efficace comprennent\u00a0:<\/p>\n<ul>\n<li>les articles mettent plus de temps que d&#039;habitude \u00e0 s\u00e9cher<\/li>\n<li>surchauffe du s\u00e8che-linge<\/li>\n<li>humidit\u00e9 dans le s\u00e8che-linge<\/li>\n<li>odeur du s\u00e8che-linge<\/li>\n<\/ul>\n<\/div>\n<\/div><\/div><div class=\"bt_bb_accordion_item\"><div class=\"bt_bb_accordion_item_number\">4<\/div><div class=\"bt_bb_accordion_item_title\">\u00c0 quelle fr\u00e9quence la bouche d\u2019a\u00e9ration de ma s\u00e9cheuse doit-elle \u00eatre nettoy\u00e9e\u00a0?<\/div><div class=\"bt_bb_accordion_item_content\"><div  class=\"bt_bb_text\" >\n<p>En g\u00e9n\u00e9ral, tous les 1 \u00e0 2 ans, c&#039;est bien. Cependant, si vous utilisez fr\u00e9quemment votre s\u00e8che-linge (vous avez des enfants ou des animaux domestiques), il peut \u00eatre pr\u00e9f\u00e9rable de le faire annuellement.<\/p>\n<\/div>\n<\/div><\/div><div class=\"bt_bb_accordion_item\"><div class=\"bt_bb_accordion_item_number\">5<\/div><div class=\"bt_bb_accordion_item_title\">Combien co\u00fbtent vos prestations ?<\/div><div class=\"bt_bb_accordion_item_content\"><div  class=\"bt_bb_text\" >\n<p>Nos prix d\u00e9pendent de la taille de la maison. Appelez-nous pour une estimation gratuite. Nous sommes s\u00fbrs que vous serez satisfait.<\/p>\n<\/div>\n<\/div><\/div><div class=\"bt_bb_accordion_item\"><div class=\"bt_bb_accordion_item_number\">6<\/div><div class=\"bt_bb_accordion_item_title\">Combien de temps dure le nettoyage de la ventilation ?<\/div><div class=\"bt_bb_accordion_item_content\"><div  class=\"bt_bb_text\" >\n<p>Un nettoyage d\u2019un seul syst\u00e8me prendra entre 2 et 3 heures. Plusieurs syst\u00e8mes prendront plus de temps.<\/p>\n<\/div>\n<\/div><\/div><div class=\"bt_bb_accordion_item\"><div class=\"bt_bb_accordion_item_number\">7<\/div><div class=\"bt_bb_accordion_item_title\">Combien de temps faut-il pour nettoyer la bouche d&#039;a\u00e9ration de ma s\u00e9cheuse ?<\/div><div class=\"bt_bb_accordion_item_content\"><div  class=\"bt_bb_text\" >\n<p>Cela prend g\u00e9n\u00e9ralement entre 30 minutes et une heure.<\/p>\n<\/div>\n<\/div><\/div><div class=\"bt_bb_accordion_item\"><div class=\"bt_bb_accordion_item_number\">8<\/div><div class=\"bt_bb_accordion_item_title\">Quelle est la diff\u00e9rence entre Air M\u00e9tropolitain2000 et certains services moins chers ?<\/div><div class=\"bt_bb_accordion_item_content\"><div  class=\"bt_bb_text\" >\n<p>D\u2019une part, nous disposons des \u00e9quipements les plus puissants disponibles sur le march\u00e9. Cet \u00e9quipement est si puissant qu\u2019il ne peut pas \u00eatre contenu dans une camionnette. D&#039;autre part, nos \u00e9quipements sont aliment\u00e9s par le moteur de notre camion, nous ne nous connectons donc jamais aux panneaux \u00e9lectriques de nos clients. Et enfin, nous sommes enti\u00e8rement assur\u00e9s. Nous sommes couverts pour tout incident pouvant survenir au cours des travaux.<\/p>\n<\/div>\n<\/div><\/div><div class=\"bt_bb_accordion_item\"><div class=\"bt_bb_accordion_item_number\">9<\/div><div class=\"bt_bb_accordion_item_title\">J&#039;ai des animaux de compagnie. Les produits de nettoyage que vous utilisez sont-ils sans danger pour les animaux\u00a0?<\/div><div class=\"bt_bb_accordion_item_content\"><div  class=\"bt_bb_text\" >\n<p>Nous utilisons un produit appel\u00e9 Benefect\u00ae qui est enti\u00e8rement biologique et totalement sans danger pour les animaux de compagnie. Il peut \u00e9galement \u00eatre utilis\u00e9 en toute s\u00e9curit\u00e9 aupr\u00e8s des enfants et des adultes.<\/p>\n<\/div>\n<\/div><\/div><div class=\"bt_bb_accordion_item\"><div class=\"bt_bb_accordion_item_number\">10<\/div><div class=\"bt_bb_accordion_item_title\">Une fois mon syst\u00e8me de ventilation nettoy\u00e9, combien de temps restera-t-il propre ?<\/div><div class=\"bt_bb_accordion_item_content\"><div  class=\"bt_bb_text\" >\n<p>Cela d\u00e9pend des types de contaminants pr\u00e9sents r\u00e9guli\u00e8rement dans votre maison ou votre bureau. Par exemple, la fum\u00e9e de cigarette, les a\u00e9rosols et autres contaminants obligeront votre maison ou votre bureau \u00e0 nettoyer plus fr\u00e9quemment le syst\u00e8me de ventilation. Cela varie d\u2019un client \u00e0 l\u2019autre.<\/p>\n<\/div>\n<\/div><\/div><\/div><\/div><\/div><\/div><\/div><\/div><\/div><!-- cell_inner --><\/div><!-- cell --><\/div><!-- port --><\/section><section data-bb-version=\"4.8.3\" id=\"bt_bb_section69d40def2ff00\" class=\"bt_bb_section bt_bb_color_scheme_1 bt_bb_layout_wide bt_bb_vertical_align_top bt_bb_top_spacing_none bt_bb_bottom_spacing_none btBoxedLeft1200\" style=\"; --section-primary-color:#ffffff; --section-secondary-color:#252525;\" data-bt-override-class=\"{&quot;bt_bb_top_spacing_&quot;:{&quot;current_class&quot;:&quot;bt_bb_top_spacing_none&quot;,&quot;xxl&quot;:&quot;none&quot;},&quot;bt_bb_bottom_spacing_&quot;:{&quot;current_class&quot;:&quot;bt_bb_bottom_spacing_none&quot;,&quot;xxl&quot;:&quot;none&quot;}}\"><div class=\"bt_bb_background_image_holder_wrapper\"><div class=\"bt_bb_background_image_holder btLazyLoadBackground bt_bb_parallax\"  data-background_image_src=\"https:\/\/air-ductcleaning.ca\/wp-content\/uploads\/2024\/02\/callcenter-2.jpg\" data-parallax=\"0.7\" data-parallax-offset=\"0\" data-parallax-zoom-start=\"1\" data-parallax-zoom-end=\"1\" data-parallax-blur-start=\"0\" data-parallax-blur-end=\"0\" data-parallax-opacity-start=\"1\" data-parallax-opacity-end=\"1\" style=\" background-image: url(&#039;https:\/\/air-ductcleaning.ca\/wp-content\/plugins\/bold-page-builder\/img\/blank.gif&#039;);\"><\/div><\/div><div class=\"bt_bb_port\"><div class=\"bt_bb_cell\"><div class=\"bt_bb_cell_inner\"><div class=\"bt_bb_row  bt_bb_column_gap_0\" style=\"; --column-gap:0px;\" data-bt-override-class=\"{}\"><div class=\"bt_bb_row_holder\" ><div  class=\"bt_bb_column col-xxl-6 col-xl-6 bt_bb_vertical_align_top bt_bb_align_left bt_bb_padding_20 bt_bb_animation_fade_in animate\" style=\"; --column-width:6;\" data-width=\"6\" data-bt-override-class=\"{}\"><div class=\"bt_bb_column_content\"><div class=\"bt_bb_column_content_inner\"><div class=\"bt_bb_separator_v2 bt_bb_border_style_none bt_bb_top_spacing_normal bt_bb_bottom_spacing_medium bt_bb_icon_size_normal bt_bb_text_size_normal bt_bb_separator_v2_without_content\" data-bt-override-class=\"null\"><div class=\"bt_bb_separator_v2_inner\"><span class=\"bt_bb_separator_v2_inner_before\"><\/span><span class=\"bt_bb_separator_v2_inner_content\"><span  data-ico-=\"\" class=\"bt_bb_icon_holder\"><\/span><\/span><span class=\"bt_bb_separator_v2_inner_after\"><\/span><\/div><\/div><header data-bb-version=\"4.8.3\" class=\"bt_bb_headline bt_bb_subheadline_font_weight_normal bt_bb_dash_none bt_bb_subheadline bt_bb_size_large bt_bb_align_inherit\" data-bt-override-class=\"{&quot;bt_bb_size_&quot;:{&quot;current_class&quot;:&quot;bt_bb_size_large&quot;,&quot;xxl&quot;:&quot;large&quot;},&quot;bt_bb_align_&quot;:{&quot;current_class&quot;:&quot;bt_bb_align_inherit&quot;,&quot;xxl&quot;:&quot;inherit&quot;}}\"><div class=\"bt_bb_headline_subheadline\">N&#039;h\u00e9sitez pas \u00e0 nous contacter si vous avez des questions.<br \/><br \/>\nNos repr\u00e9sentants se feront un plaisir de vous aider.<\/div><\/header><div class=\"bt_bb_separator_v2 bt_bb_border_style_none bt_bb_bottom_spacing_medium bt_bb_icon_size_normal bt_bb_text_size_normal bt_bb_separator_v2_without_content\" data-bt-override-class=\"null\"><div class=\"bt_bb_separator_v2_inner\"><span class=\"bt_bb_separator_v2_inner_before\"><\/span><span class=\"bt_bb_separator_v2_inner_content\"><span  data-ico-=\"\" class=\"bt_bb_icon_holder\"><\/span><\/span><span class=\"bt_bb_separator_v2_inner_after\"><\/span><\/div><\/div><div class=\"bt_bb_row_inner\"   data-bt-override-class=\"{}\"><div class=\"bt_bb_row_inner_holder\"  ><div  class=\"bt_bb_column_inner col-xxl-6 col-xl-6 bt_bb_vertical_align_top bt_bb_align_left bt_bb_padding_normal\"  data-width=\"6\" data-bt-override-class=\"{}\"><div class=\"bt_bb_column_inner_content\"><div data-bb-version=\"4.8.3\" class=\"bt_bb_service bt_bb_color_scheme_4 bt_bb_style_borderless bt_bb_size_normal bt_bb_shape_circle bt_bb_align_left bt_bb_title_size_default bt_bb_title_weight_bold\" style=\"; --service-primary-color:#00befa; --service-secondary-color:#ffffff;\" data-bt-override-class=\"{&quot;bt_bb_size_&quot;:{&quot;current_class&quot;:&quot;bt_bb_size_normal&quot;,&quot;xxl&quot;:&quot;normal&quot;},&quot;bt_bb_align_&quot;:{&quot;current_class&quot;:&quot;bt_bb_align_left&quot;,&quot;xxl&quot;:&quot;left&quot;}}\"><span  data-ico-essential=\"&#xe930;\" class=\"bt_bb_icon_holder\"><\/span><div class=\"bt_bb_service_content\"><div class=\"bt_bb_service_content_title\">HEURES D&#039;OUVERTURE<\/div><div class=\"bt_bb_service_content_text\">Du lundi au samedi de 7h00 \u00e0 20h00<br \/><br \/>\n<em>Dimanche FERM\u00c9<\/em><\/div><\/div><\/div><div class=\"bt_bb_separator_v2 bt_bb_border_style_none bt_bb_bottom_spacing_normal bt_bb_icon_size_normal bt_bb_text_size_normal bt_bb_separator_v2_without_content\" data-bt-override-class=\"null\"><div class=\"bt_bb_separator_v2_inner\"><span class=\"bt_bb_separator_v2_inner_before\"><\/span><span class=\"bt_bb_separator_v2_inner_content\"><span  data-ico-=\"\" class=\"bt_bb_icon_holder\"><\/span><\/span><span class=\"bt_bb_separator_v2_inner_after\"><\/span><\/div><\/div><\/div><\/div><div  class=\"bt_bb_column_inner col-xxl-6 col-xl-6 bt_bb_vertical_align_top bt_bb_align_left bt_bb_padding_normal\"  data-width=\"6\" data-bt-override-class=\"{}\"><div class=\"bt_bb_column_inner_content\"><div data-bb-version=\"4.8.4\" class=\"bt_bb_service bt_bb_color_scheme_4 bt_bb_style_borderless bt_bb_size_normal bt_bb_shape_circle bt_bb_align_left bt_bb_title_size_default bt_bb_title_weight_bold\" style=\"; --service-primary-color:#00befa; --service-secondary-color:#ffffff;\" data-bt-override-class=\"{&quot;bt_bb_size_&quot;:{&quot;current_class&quot;:&quot;bt_bb_size_normal&quot;,&quot;xxl&quot;:&quot;normal&quot;},&quot;bt_bb_align_&quot;:{&quot;current_class&quot;:&quot;bt_bb_align_left&quot;,&quot;xxl&quot;:&quot;left&quot;}}\"><span  data-ico-essential=\"&#xe9f0;\" class=\"bt_bb_icon_holder\"><\/span><div class=\"bt_bb_service_content\"><div class=\"bt_bb_service_content_title\">EMPLACEMENT<\/div><div class=\"bt_bb_service_content_text\">240, rue Authier, Saint-Laurent,<br \/><br \/>\nQu\u00e9bec H4M 2C6<\/div><\/div><\/div><div class=\"bt_bb_separator_v2 bt_bb_border_style_none bt_bb_bottom_spacing_normal bt_bb_icon_size_normal bt_bb_text_size_normal bt_bb_separator_v2_without_content\" data-bt-override-class=\"null\"><div class=\"bt_bb_separator_v2_inner\"><span class=\"bt_bb_separator_v2_inner_before\"><\/span><span class=\"bt_bb_separator_v2_inner_content\"><span  data-ico-=\"\" class=\"bt_bb_icon_holder\"><\/span><\/span><span class=\"bt_bb_separator_v2_inner_after\"><\/span><\/div><\/div><\/div><\/div><\/div><\/div><div class=\"bt_bb_row_inner\"   data-bt-override-class=\"{}\"><div class=\"bt_bb_row_inner_holder\"  ><div  class=\"bt_bb_column_inner col-xxl-6 col-xl-6 bt_bb_vertical_align_top bt_bb_align_left bt_bb_padding_normal\"  data-width=\"6\" data-bt-override-class=\"{}\"><div class=\"bt_bb_column_inner_content\"><div data-bb-version=\"4.8.3\" class=\"bt_bb_service bt_bb_color_scheme_4 bt_bb_style_borderless bt_bb_size_normal bt_bb_shape_circle bt_bb_align_left bt_bb_title_size_default bt_bb_title_weight_bold\" style=\"; --service-primary-color:#00befa; --service-secondary-color:#ffffff;\" data-bt-override-class=\"{&quot;bt_bb_size_&quot;:{&quot;current_class&quot;:&quot;bt_bb_size_normal&quot;,&quot;xxl&quot;:&quot;normal&quot;},&quot;bt_bb_align_&quot;:{&quot;current_class&quot;:&quot;bt_bb_align_left&quot;,&quot;xxl&quot;:&quot;left&quot;}}\"><span  data-ico-essential=\"&#xea28;\" class=\"bt_bb_icon_holder\"><\/span><div class=\"bt_bb_service_content\"><div class=\"bt_bb_service_content_title\">CENTRE D&#039;APPEL<\/div><div class=\"bt_bb_service_content_text\">514 439-3393<\/div><\/div><\/div><div class=\"bt_bb_separator_v2 bt_bb_border_style_none bt_bb_bottom_spacing_normal bt_bb_icon_size_normal bt_bb_text_size_normal bt_bb_separator_v2_without_content\" data-bt-override-class=\"null\"><div class=\"bt_bb_separator_v2_inner\"><span class=\"bt_bb_separator_v2_inner_before\"><\/span><span class=\"bt_bb_separator_v2_inner_content\"><span  data-ico-=\"\" class=\"bt_bb_icon_holder\"><\/span><\/span><span class=\"bt_bb_separator_v2_inner_after\"><\/span><\/div><\/div><\/div><\/div><div  class=\"bt_bb_column_inner col-xxl-6 col-xl-6 bt_bb_vertical_align_top bt_bb_align_left bt_bb_padding_normal\"  data-width=\"6\" data-bt-override-class=\"{}\"><div class=\"bt_bb_column_inner_content\"><div data-bb-version=\"4.8.3\" class=\"bt_bb_service bt_bb_color_scheme_4 bt_bb_style_borderless bt_bb_size_normal bt_bb_shape_circle bt_bb_align_left bt_bb_title_size_default bt_bb_title_weight_bold btNoText\" style=\"; --service-primary-color:#00befa; --service-secondary-color:#ffffff;\" data-bt-override-class=\"{&quot;bt_bb_size_&quot;:{&quot;current_class&quot;:&quot;bt_bb_size_normal&quot;,&quot;xxl&quot;:&quot;normal&quot;},&quot;bt_bb_align_&quot;:{&quot;current_class&quot;:&quot;bt_bb_align_left&quot;,&quot;xxl&quot;:&quot;left&quot;}}\"><span  data-ico-essential=\"&#xe9e3;\" class=\"bt_bb_icon_holder\"><\/span><div class=\"bt_bb_service_content\"><div class=\"bt_bb_service_content_title\">\u00c9CRIVEZ-NOUS<\/div><\/div><\/div><div class=\"bt_bb_separator_v2 bt_bb_border_style_none bt_bb_bottom_spacing_normal bt_bb_icon_size_normal bt_bb_text_size_normal bt_bb_separator_v2_without_content\" data-bt-override-class=\"null\"><div class=\"bt_bb_separator_v2_inner\"><span class=\"bt_bb_separator_v2_inner_before\"><\/span><span class=\"bt_bb_separator_v2_inner_content\"><span  data-ico-=\"\" class=\"bt_bb_icon_holder\"><\/span><\/span><span class=\"bt_bb_separator_v2_inner_after\"><\/span><\/div><\/div><\/div><\/div><\/div><\/div><\/div><\/div><\/div><div data-bb-version=\"4.8.4\"  class=\"bt_bb_column col-xxl-6 col-xl-6 bt_bb_vertical_align_top bt_bb_align_left bt_bb_padding_normal\" style=\"google-maps; --column-width:6;\" data-width=\"6\" data-bt-override-class=\"{&quot;bt_bb_align_&quot;:{&quot;current_class&quot;:&quot;bt_bb_align_left&quot;,&quot;xxl&quot;:&quot;left&quot;},&quot;bt_bb_padding_&quot;:{&quot;current_class&quot;:&quot;bt_bb_padding_normal&quot;,&quot;xxl&quot;:&quot;normal&quot;}}\"><div class=\"bt_bb_column_content\"><div class=\"bt_bb_column_content_inner\"><div class=\"bt_bb_raw_content\"><iframe src=\"https:\/\/www.google.com\/maps\/embed?pb=!1m18!1m12!1m3!1d2796.554254101436!2d-73.6776245!3d45.49892019999999!2m3!1f0!2f0!3f0!3m2!1i1024!2i768!4f13.1!3m3!1m2!1s0x4cc91825c8258571%3A0x968f7ab283ff1d10!2s240%20Authier%20St%2C%20Saint-Laurent%2C%20QC%20H4M%202C6!5e0!3m2!1sen!2sca!4v1710356309786!5m2!1sen!2sca\"  width=\"100%\" height=\"510px\" frameborder=\"0\" style=\"border:0;\" allowfullscreen=\"\" loading=\"lazy\" referrerpolicy=\"no-referrer-when-downgrade\"><\/iframe><\/div><\/div><\/div><\/div><\/div><\/div><\/div><!-- cell_inner --><\/div><!-- cell --><\/div><!-- port --><\/section><\/p>","protected":false},"excerpt":{"rendered":"","protected":false},"author":1,"featured_media":0,"parent":0,"menu_order":0,"comment_status":"closed","ping_status":"closed","template":"","meta":{"footnotes":""},"class_list":["post-2292","page","type-page","status-publish","hentry"],"_links":{"self":[{"href":"https:\/\/air-ductcleaning.ca\/fr\/wp-json\/wp\/v2\/pages\/2292","targetHints":{"allow":["GET"]}}],"collection":[{"href":"https:\/\/air-ductcleaning.ca\/fr\/wp-json\/wp\/v2\/pages"}],"about":[{"href":"https:\/\/air-ductcleaning.ca\/fr\/wp-json\/wp\/v2\/types\/page"}],"author":[{"embeddable":true,"href":"https:\/\/air-ductcleaning.ca\/fr\/wp-json\/wp\/v2\/users\/1"}],"replies":[{"embeddable":true,"href":"https:\/\/air-ductcleaning.ca\/fr\/wp-json\/wp\/v2\/comments?post=2292"}],"version-history":[{"count":16,"href":"https:\/\/air-ductcleaning.ca\/fr\/wp-json\/wp\/v2\/pages\/2292\/revisions"}],"predecessor-version":[{"id":4300,"href":"https:\/\/air-ductcleaning.ca\/fr\/wp-json\/wp\/v2\/pages\/2292\/revisions\/4300"}],"wp:attachment":[{"href":"https:\/\/air-ductcleaning.ca\/fr\/wp-json\/wp\/v2\/media?parent=2292"}],"curies":[{"name":"wp","href":"https:\/\/api.w.org\/{rel}","templated":true}]}}